{"id":15,"date":"2013-03-20T21:45:47","date_gmt":"2013-03-20T19:45:47","guid":{"rendered":"http:\/\/www.scoalaromanasi.ro\/?page_id=15"},"modified":"2016-02-22T18:27:28","modified_gmt":"2016-02-22T16:27:28","slug":"prezentarea-scolii","status":"publish","type":"page","link":"https:\/\/scoalaromanasi.ro\/?page_id=15","title":{"rendered":"Scurt Istoric"},"content":{"rendered":"<p style=\"text-align: justify;\"><b><i>MISIUNEA<\/i><\/b><\/p>\n<p><b>\u201e<i>S\u0103 devenim o \u015fcoal\u0103 deschis\u0103 pentru to\u0163i membrii comunit\u0103\u0163ii, spre a le oferi \u015fanse egale la educa\u0163ie, dezvoltare personal\u0103 \u015fi profesional\u0103!\u201d<\/i><\/b><\/p>\n<figure><a href=\"http:\/\/www.scoalaromanasi.ro\/wp-content\/uploads\/2013\/03\/P1030134.jpg\"><img loading=\"lazy\" decoding=\"async\" class=\" wp-image-204 alignleft\" src=\"http:\/\/www.scoalaromanasi.ro\/wp-content\/uploads\/2013\/03\/P1030134.jpg\" alt=\"P1030134\" width=\"410\" height=\"307\" srcset=\"https:\/\/scoalaromanasi.ro\/wp-content\/uploads\/2013\/03\/P1030134.jpg 640w, https:\/\/scoalaromanasi.ro\/wp-content\/uploads\/2013\/03\/P1030134-300x225.jpg 300w, https:\/\/scoalaromanasi.ro\/wp-content\/uploads\/2013\/03\/P1030134-250x187.jpg 250w\" sizes=\"auto, (max-width: 410px) 100vw, 410px\" \/><\/a><\/figure>\n<p style=\"text-align: justify;\"><strong>Comuna Rom\u00e2na\u015fi<\/strong>, cu un teritoriu de \u00a066,36 km<sup>2<\/sup>, a\u015fezat\u0103 pe Valea Agrijului \u015fi se \u00eentinde spre vest p\u00e2n\u0103 la cump\u0103na de ape din Culmea Mese\u015fului, iar \u00een r\u0103s\u0103rit p\u00e2n\u0103 la interfluviul Alma\u015f-Agrij, de la Gorgana, av\u00e2nd \u00een componen\u0163\u0103 \u015fase sate: Rom\u00e2na\u015fi, Chichi\u015fa, Cium\u0103rna, P\u0103u\u015fa, Poarta S\u0103lajului \u015fi Romita. Atestarea documentar\u0103 a acestora este cuprins\u0103 \u00een intervalul dintre secolele XIV-XVI (Rom\u00e2na\u015fi-1305, Chichi\u015fa-1438, Cium\u0103rna-1460, P\u0103u\u015fa-1558, Poarta S\u0103lajului-1525 \u015fi Romita -1408).<\/p>\n<p style=\"text-align: justify;\">Ocupa\u0163iile principale ale popula\u0163iei erau legate de existen\u0163a resurselor naturale din zon\u0103, dar \u015fi de \u201esfera serviciilor\u201d, determinate de prezen\u0163a c\u0103ilor de comunica\u0163ii, at\u00e2t \u00een lungul V\u0103ii Agrijului, c\u00e2t \u015fi a celor transmese\u015fene.<\/p>\n<p style=\"text-align: justify;\">\u00cen consecin\u0163\u0103, pe l\u00e2ng\u0103 <i>agricultur\u0103, p\u0103storit \u015fi prelucrarea lemnului<\/i> ori a pietrei, din timpuri str\u0103vechi au func\u0163ionat hanuri, cr\u00e2\u015fme \u2013(\u00eensu\u015fi satul Poarta S\u0103lajului fiind numit \u201eFog\u0103dau\u0103\u201d), unele loca\u0163ii perpetu\u00e2nd acest specific p\u00e2n\u0103 \u00een zilele noastre.<\/p>\n<p style=\"text-align: justify;\">De\u015fi activitatea turistic\u0103 are o pondere redus\u0103 \u00een economia local\u0103, valen\u0163ele naturale ale culmii Mese\u015fului din zona localit\u0103\u0163ii Cium\u0103rna, r\u0103spunz\u0103toare de apari\u0163ia a numeroase re\u015fedin\u0163e secundare \u015fi case de vacan\u0163\u0103, fondul etnografic \u015fi folcloric al comunei de o real\u0103 valoare, existen\u0163a unor specii botanice valoroase (laleaua pestri\u0163\u0103 \u2013 protejat\u0103 prin lege \u00een arealul Rom\u00e2na\u015fi-Poarta S\u0103lajului), pledeaz\u0103 pentru sedentarizarea popula\u0163iei tinere, oferind \u015fi locuri de munc\u0103, \u00een comun\u0103, \u00een cadrul unit\u0103\u0163ilor de cazare \u015fi alimenta\u0163ie public\u0103, la \u201eKm 61\u201d, \u201eDesiree\u201d, \u201ePerla Mese\u015fului\u201d, \u201ePopasul Romanilor\u201detc.<\/p>\n<p style=\"text-align: justify;\">Comuna Rom\u00e2na\u015fi este recunoscut\u0103 \u015fi pentru valoarea l\u0103ca\u015felor de cult, adev\u0103rate monumente de arhitectur\u0103 popular\u0103. \u00een jurul c\u0103rora s-a cristalizat \u015fi perpetuat con\u015ftiin\u0163a de neam \u015fi s-au pus bazele \u00eenv\u0103\u0163\u0103m\u00e2ntului din aceste localit\u0103\u0163i. Bisericile de lemn\u00a0 din Chichi\u015fa, Cium\u0103rna, P\u0103u\u015fa, Poarta S\u0103lajului \u015fi Romita, constituie \u00een prezent tot at\u00e2tea obiective turistice de mare valoare, iar monumentul\u00a0\u00a0 eroilor\u00a0\u00a0 din\u00a0\u00a0 Al\u00a0\u00a0 Doilea\u00a0\u00a0 R\u0103zboi\u00a0\u00a0 \u00a0Mondial din Rom\u00e2na\u015fi cinste\u015fte memoria \u00eenainta\u015filor ce s-au jertfit pentru ap\u0103rarea patriei;<\/p>\n<p style=\"text-align: justify;\"><b><i>C\u0103ile\u00a0\u00a0 de\u00a0\u00a0 comunica\u0163ie<\/i><\/b> ce traverseaz\u0103 comuna leag\u0103 prin drumul\u00a0\u00a0 European\u00a0 E 81, hotarul de nord-vest al Rom\u00e2niei cu municipiul Cluj-Napoca, centrul polarizator al Transilvaniei, iar pe\u00a0 direc\u0163ie nord-sud pune \u00een conexiune nodul de cale ferat\u0103 de la Jibou, cu gara Ciucea, din bazinul Cri\u015fului Repede.<\/p>\n<p style=\"text-align: right;\"><em><a href=\"http:\/\/www.scoalaromanasi.ro\/?page_id=140\">mai mult<\/a><\/em><\/p>\n","protected":false},"excerpt":{"rendered":"<p>MISIUNEA \u201eS\u0103 devenim o \u015fcoal\u0103 deschis\u0103 pentru to\u0163i membrii comunit\u0103\u0163ii, spre a le oferi \u015fanse egale la educa\u0163ie, dezvoltare personal\u0103 \u015fi profesional\u0103!\u201d Comuna Rom\u00e2na\u015fi, cu un teritoriu de \u00a066,36 km2, a\u015fezat\u0103 pe Valea Agrijului \u015fi se \u00eentinde spre vest p\u00e2n\u0103 la cump\u0103na de ape din Culmea Mese\u015fului, iar \u00een r\u0103s\u0103rit p\u00e2n\u0103 la interfluviul Alma\u015f-Agrij, de la Gorgana, av\u00e2nd \u00een componen\u0163\u0103 \u015fase sate: Rom\u00e2na\u015fi, Chichi\u015fa,<\/p>\n<p><a class=\"cta\" href=\"https:\/\/scoalaromanasi.ro\/?page_id=15\">Learn more<\/a><\/p>\n","protected":false},"author":1,"featured_media":0,"parent":0,"menu_order":0,"comment_status":"open","ping_status":"closed","template":"","meta":{"ngg_post_thumbnail":0,"footnotes":""},"class_list":["post-15","page","type-page","status-publish","hentry"],"_links":{"self":[{"href":"https:\/\/scoalaromanasi.ro\/index.php?rest_route=\/wp\/v2\/pages\/15","targetHints":{"allow":["GET"]}}],"collection":[{"href":"https:\/\/scoalaromanasi.ro\/index.php?rest_route=\/wp\/v2\/pages"}],"about":[{"href":"https:\/\/scoalaromanasi.ro\/index.php?rest_route=\/wp\/v2\/types\/page"}],"author":[{"embeddable":true,"href":"https:\/\/scoalaromanasi.ro\/index.php?rest_route=\/wp\/v2\/users\/1"}],"replies":[{"embeddable":true,"href":"https:\/\/scoalaromanasi.ro\/index.php?rest_route=%2Fwp%2Fv2%2Fcomments&post=15"}],"version-history":[{"count":69,"href":"https:\/\/scoalaromanasi.ro\/index.php?rest_route=\/wp\/v2\/pages\/15\/revisions"}],"predecessor-version":[{"id":615,"href":"https:\/\/scoalaromanasi.ro\/index.php?rest_route=\/wp\/v2\/pages\/15\/revisions\/615"}],"wp:attachment":[{"href":"https:\/\/scoalaromanasi.ro\/index.php?rest_route=%2Fwp%2Fv2%2Fmedia&parent=15"}],"curies":[{"name":"wp","href":"https:\/\/api.w.org\/{rel}","templated":true}]}}