{"id":316,"date":"2013-06-04T11:54:05","date_gmt":"2013-06-04T08:54:05","guid":{"rendered":"http:\/\/www.scoalaromanasi.ro\/?page_id=316"},"modified":"2026-03-23T20:53:12","modified_gmt":"2026-03-23T18:53:12","slug":"home-2","status":"publish","type":"page","link":"https:\/\/scoalaromanasi.ro\/","title":{"rendered":""},"content":{"rendered":"<p>[vc_row][vc_column][vc_single_image image=&#8221;1758&#8243; img_size=&#8221;full&#8221; alignment=&#8221;center&#8221; onclick=&#8221;img_link_large&#8221;][vc_single_image image=&#8221;1733&#8243; img_size=&#8221;full&#8221; alignment=&#8221;center&#8221; title=&#8221;Clasa pregatitoare 2026-2027&#8243;][vc_tta_tabs][vc_tta_section tab_id=&#8221;1648116916486-5837a6a9-29a1&#8243;][vc_wp_text]<\/p>\n<ul>\n<li><a href=\"https:\/\/scoalaromanasi.ro\/wp-content\/uploads\/2026\/03\/Calendar-inscriere.pdf\">\ud83d\uddd3\ufe0f Calendarul pentru \u00eenscrierea copiilor \u00een clasa preg\u0103titoare \u00een anul \u0219colar 2026 \u2013 2027<\/a><\/li>\n<\/ul>\n<ul>\n<li><a href=\"https:\/\/scoalaromanasi.ro\/wp-content\/uploads\/2026\/03\/CJRAE-Salaj_Precizari-privind-realizarea-evaluarii-copiilor.pdf\">CJRAE Salaj_Precizari privind realizarea evaluarii copiilor<\/a><\/li>\n<li><a href=\"https:\/\/scoalaromanasi.ro\/wp-content\/uploads\/2026\/03\/Model-cerere-evaluarea-dezvoltarii-copiilor-Anexa-2-la-metodologie.pdf\">Model cerere evaluarea dezvoltarii copiilor-Anexa 2 la metodologie<\/a><\/li>\n<li><a href=\"https:\/\/scoalaromanasi.ro\/wp-content\/uploads\/2026\/03\/PO-15-CJRAE_-EVALUAREA-DEZVOLTARII-COPIILOR-IN-VEDEREA-INSCRIERII-IN-INVATAMANTUL-PRIMAR.pdf\">PO 15 CJRAE_ EVALUAREA DEZVOLT\u0102RII COPIILOR \u00ceN VEDEREA \u00ceNSCRIERII \u00ceN \u00ceNV\u0102\u021a\u0102M\u00c2NTUL PRIMAR<\/a><\/li>\n<li><a href=\"https:\/\/scoalaromanasi.ro\/wp-content\/uploads\/2026\/03\/O.M.E.C.-nr.-3334_26.02.2026.pdf\">O.M.E.C. nr. 3334_26.02.2026<\/a><\/li>\n<li><a href=\"https:\/\/scoalaromanasi.ro\/wp-content\/uploads\/2026\/03\/criteriidepartajare.pdf\">Criterii specifice de departajare<\/a><\/li>\n<\/ul>\n<p>[\/vc_wp_text][\/vc_tta_section][\/vc_tta_tabs][vc_wp_posts title=&#8221;Recent adaugate&#8221; number=&#8221;5&#8243;][vc_custom_heading text=&#8221;Saptamana Verde &#8211; an scolar 2025-2026&#8243; font_container=&#8221;tag:h2|text_align:center|color:%23ffffff&#8221; css=&#8221;.vc_custom_1772606543703{background-color: #dd3333 !important;}&#8221;][\/vc_column][\/vc_row][vc_row][vc_column width=&#8221;1\/2&#8243;][vc_wp_text title=&#8221;S\u0103pt\u0103m\u00e2na Verde -ECOLOGIZAREA&#8221;]<iframe loading=\"lazy\" style=\"border: none; overflow: hidden;\" src=\"https:\/\/www.facebook.com\/plugins\/post.php?href=https%3A%2F%2Fwww.facebook.com%2Fscoala.romanasi%2Fposts%2Fpfbid033GLiSaNuUAFo4am1KY4mtn9hRA6MPhKfZzjmL11MNRAUNtGZ8M7dph7HzoagwYKfl&amp;show_text=true&amp;width=500\" width=\"500\" height=\"250\" frameborder=\"0\" scrolling=\"no\" allowfullscreen=\"allowfullscreen\"><\/iframe>[\/vc_wp_text][\/vc_column][vc_column width=&#8221;1\/2&#8243;][vc_wp_text title=&#8221;S\u0103pt\u0103m\u00e2na verde cu roadele toamnei ! \ud83c\udf41&#8221;]<iframe loading=\"lazy\" style=\"border: none; overflow: hidden;\" src=\"https:\/\/www.facebook.com\/plugins\/post.php?href=https%3A%2F%2Fwww.facebook.com%2Fscoala.romanasi%2Fposts%2Fpfbid038H4KU5UxnggRdRvv4aXJnpQMzE8XdK6uhDZYCJWQRUQL8SSMAZuPkHhbS9on5ZZXl&amp;show_text=true&amp;width=500\" width=\"500\" height=\"250\" frameborder=\"0\" scrolling=\"no\" allowfullscreen=\"allowfullscreen\"><\/iframe>[\/vc_wp_text][\/vc_column][\/vc_row][vc_row][vc_column][vc_custom_heading text=&#8221;Scoala Altfel &#8211; an scolar 2025-2026&#8243; font_container=&#8221;tag:h2|text_align:center|color:%23ffffff&#8221; css=&#8221;.vc_custom_1772606529207{background-color: #dd3333 !important;}&#8221;][\/vc_column][\/vc_row][vc_row][vc_column][vc_wp_text title=&#8221;Atelier: magia iernii \u0219i ajutoarele lui Mo\u0219 Cr\u0103ciun-polenizatorii&#8221;]<iframe loading=\"lazy\" style=\"border: none; overflow: hidden;\" src=\"https:\/\/www.facebook.com\/plugins\/post.php?href=https%3A%2F%2Fwww.facebook.com%2Fscoala.romanasi%2Fposts%2Fpfbid02ibXFw8BUgVsPfe2mcPZqZdmBwZVNs4Fdf15L7548HCz3pV1iUAPzRnXiWSC4rozAl&amp;show_text=true&amp;width=500\" width=\"500\" height=\"250\" frameborder=\"0\" scrolling=\"no\" allowfullscreen=\"allowfullscreen\"><\/iframe>[\/vc_wp_text][\/vc_column][\/vc_row][vc_row][vc_column][vc_gmaps link=&#8221;#E-8_JTNDaWZyYW1lJTIwc3JjJTNEJTIyaHR0cHMlM0ElMkYlMkZ3d3cuZ29vZ2xlLmNvbSUyRm1hcHMlMkZlbWJlZCUzRnBiJTNEJTIxMW0xOCUyMTFtMTIlMjExbTMlMjExZDI3MTUuMjY4OTczODU2MTYzJTIxMmQyMy4xNzk1MTE0MTU2MTM0MiUyMTNkNDcuMTEzMzk5OTc5MTU0OTUlMjEybTMlMjExZjAlMjEyZjAlMjEzZjAlMjEzbTIlMjExaTEwMjQlMjEyaTc2OCUyMTRmMTMuMSUyMTNtMyUyMTFtMiUyMTFzMHg0NzQ4NWIyMjYzMjYxNTZiJTI1M0EweDk4NjZmMDNjOWYzNTVkYzQlMjEyenhaNWpiMkZzWVNCSGFXMXVZWHBwWVd6RWd5QlNiMjNEb201aHhaOXAlMjE1ZTAlMjEzbTIlMjExc2VuJTIxMnNybyUyMTR2MTUwMTg0MDYxMDU1NSUyMiUyMHdpZHRoJTNEJTIyNjAwJTIyJTIwaGVpZ2h0JTNEJTIyNDUwJTIyJTIwZnJhbWVib3JkZXIlM0QlMjIwJTIyJTIwc3R5bGUlM0QlMjJib3JkZXIlM0EwJTIyJTIwYWxsb3dmdWxsc2NyZWVuJTNFJTNDJTJGaWZyYW1lJTNF&#8221;][\/vc_column][\/vc_row]<\/p>\n","protected":false},"excerpt":{"rendered":"<p>[vc_row][vc_column][vc_single_image image=&#8221;1758&#8243; img_size=&#8221;full&#8221; alignment=&#8221;center&#8221; onclick=&#8221;img_link_large&#8221;][vc_single_image image=&#8221;1733&#8243; img_size=&#8221;full&#8221; alignment=&#8221;center&#8221; title=&#8221;Clasa pregatitoare 2026-2027&#8243;][vc_tta_tabs][vc_tta_section tab_id=&#8221;1648116916486-5837a6a9-29a1&#8243;][vc_wp_text] \ud83d\uddd3\ufe0f Calendarul pentru \u00eenscrierea copiilor \u00een clasa preg\u0103titoare \u00een anul \u0219colar 2026 \u2013 2027 CJRAE Salaj_Precizari privind realizarea evaluarii copiilor Model cerere evaluarea dezvoltarii copiilor-Anexa 2 la metodologie PO 15 CJRAE_ EVALUAREA DEZVOLT\u0102RII COPIILOR \u00ceN VEDEREA \u00ceNSCRIERII \u00ceN \u00ceNV\u0102\u021a\u0102M\u00c2NTUL PRIMAR O.M.E.C. nr. 3334_26.02.2026 Criterii specifice de departajare [\/vc_wp_text][\/vc_tta_section][\/vc_tta_tabs][vc_wp_posts title=&#8221;Recent adaugate&#8221; number=&#8221;5&#8243;][vc_custom_heading text=&#8221;Saptamana<\/p>\n<p><a class=\"cta\" href=\"https:\/\/scoalaromanasi.ro\/\">Learn more<\/a><\/p>\n","protected":false},"author":1,"featured_media":0,"parent":0,"menu_order":0,"comment_status":"open","ping_status":"closed","template":"page-home.php","meta":{"ngg_post_thumbnail":0,"footnotes":""},"class_list":["post-316","page","type-page","status-publish","hentry"],"_links":{"self":[{"href":"https:\/\/scoalaromanasi.ro\/index.php?rest_route=\/wp\/v2\/pages\/316","targetHints":{"allow":["GET"]}}],"collection":[{"href":"https:\/\/scoalaromanasi.ro\/index.php?rest_route=\/wp\/v2\/pages"}],"about":[{"href":"https:\/\/scoalaromanasi.ro\/index.php?rest_route=\/wp\/v2\/types\/page"}],"author":[{"embeddable":true,"href":"https:\/\/scoalaromanasi.ro\/index.php?rest_route=\/wp\/v2\/users\/1"}],"replies":[{"embeddable":true,"href":"https:\/\/scoalaromanasi.ro\/index.php?rest_route=%2Fwp%2Fv2%2Fcomments&post=316"}],"version-history":[{"count":166,"href":"https:\/\/scoalaromanasi.ro\/index.php?rest_route=\/wp\/v2\/pages\/316\/revisions"}],"predecessor-version":[{"id":1761,"href":"https:\/\/scoalaromanasi.ro\/index.php?rest_route=\/wp\/v2\/pages\/316\/revisions\/1761"}],"wp:attachment":[{"href":"https:\/\/scoalaromanasi.ro\/index.php?rest_route=%2Fwp%2Fv2%2Fmedia&parent=316"}],"curies":[{"name":"wp","href":"https:\/\/api.w.org\/{rel}","templated":true}]}}